{"id":65,"date":"2024-09-08T16:02:06","date_gmt":"2024-09-08T14:02:06","guid":{"rendered":"https:\/\/cantinegenille.fr\/?page_id=65"},"modified":"2025-08-28T14:55:46","modified_gmt":"2025-08-28T12:55:46","slug":"inscriptions","status":"publish","type":"page","link":"https:\/\/cantinegenille.fr\/index.php\/inscriptions\/","title":{"rendered":"Inscriptions"},"content":{"rendered":"\t\t<div data-elementor-type=\"wp-page\" data-elementor-id=\"65\" class=\"elementor elementor-65\">\n\t\t\t\t<div class=\"elementor-element elementor-element-653972e e-flex e-con-boxed wpr-particle-no wpr-jarallax-no wpr-parallax-no wpr-sticky-section-no e-con e-parent\" data-id=\"653972e\" data-element_type=\"container\">\n\t\t\t\t\t<div class=\"e-con-inner\">\n\t\t\t\t<div class=\"elementor-element elementor-element-a862b73 elementor-widget elementor-widget-heading\" data-id=\"a862b73\" data-element_type=\"widget\" data-widget_type=\"heading.default\">\n\t\t\t\t<div class=\"elementor-widget-container\">\n\t\t\t\t\t<h2 class=\"elementor-heading-title elementor-size-default\">Inscriptions<\/h2>\t\t\t\t<\/div>\n\t\t\t\t<\/div>\n\t\t\t\t\t<\/div>\n\t\t\t\t<\/div>\n\t\t<div class=\"elementor-element elementor-element-61c3d658 e-flex e-con-boxed wpr-particle-no wpr-jarallax-no wpr-parallax-no wpr-sticky-section-no e-con e-parent\" data-id=\"61c3d658\" data-element_type=\"container\">\n\t\t\t\t\t<div class=\"e-con-inner\">\n\t\t\t\t<div class=\"elementor-element elementor-element-194604e7 elementor-widget elementor-widget-text-editor\" data-id=\"194604e7\" data-element_type=\"widget\" data-widget_type=\"text-editor.default\">\n\t\t\t\t<div class=\"elementor-widget-container\">\n\t\t\t\t\t\t\t\t\t<p>Pour inscrire votre enfant en cours d&rsquo;ann\u00e9e ou pour un enfant non scolaris\u00e9 l&rsquo;ann\u00e9e pr\u00e9c\u00e9dente, veuillez nous contacter \u00e0 l&rsquo;adresse suivante : <strong>contact@cantinegenille.fr&nbsp;<\/strong><\/p>\n<p>Pour les repas exceptionnels, l&rsquo;inscription doit ce faire au moins <b>10 jours \u00e0 l&rsquo;avance<\/b>. Le prix est fix\u00e9 \u00e0 5,70 euros.<\/p>\n<p><!-- \/wp:paragraph --><\/p>\t\t\t\t\t\t\t\t<\/div>\n\t\t\t\t<\/div>\n\t\t\t\t\t<\/div>\n\t\t\t\t<\/div>\n\t\t\t\t<\/div>\n\t\t","protected":false},"excerpt":{"rendered":"<p>Inscriptions Pour inscrire votre enfant en cours d&rsquo;ann\u00e9e ou pour un enfant non scolaris\u00e9 l&rsquo;ann\u00e9e pr\u00e9c\u00e9dente, veuillez nous contacter \u00e0 l&rsquo;adresse suivante : contact@cantinegenille.fr&nbsp; Pour les repas exceptionnels, l&rsquo;inscription doit ce faire au moins 10 jours \u00e0 l&rsquo;avance. Le prix est fix\u00e9 \u00e0 5,70 euros.<\/p>\n","protected":false},"author":1,"featured_media":0,"parent":0,"menu_order":0,"comment_status":"closed","ping_status":"closed","template":"elementor_header_footer","meta":{"footnotes":""},"class_list":["post-65","page","type-page","status-publish","hentry"],"jetpack_sharing_enabled":true,"_links":{"self":[{"href":"https:\/\/cantinegenille.fr\/index.php\/wp-json\/wp\/v2\/pages\/65","targetHints":{"allow":["GET"]}}],"collection":[{"href":"https:\/\/cantinegenille.fr\/index.php\/wp-json\/wp\/v2\/pages"}],"about":[{"href":"https:\/\/cantinegenille.fr\/index.php\/wp-json\/wp\/v2\/types\/page"}],"author":[{"embeddable":true,"href":"https:\/\/cantinegenille.fr\/index.php\/wp-json\/wp\/v2\/users\/1"}],"replies":[{"embeddable":true,"href":"https:\/\/cantinegenille.fr\/index.php\/wp-json\/wp\/v2\/comments?post=65"}],"version-history":[{"count":13,"href":"https:\/\/cantinegenille.fr\/index.php\/wp-json\/wp\/v2\/pages\/65\/revisions"}],"predecessor-version":[{"id":857,"href":"https:\/\/cantinegenille.fr\/index.php\/wp-json\/wp\/v2\/pages\/65\/revisions\/857"}],"wp:attachment":[{"href":"https:\/\/cantinegenille.fr\/index.php\/wp-json\/wp\/v2\/media?parent=65"}],"curies":[{"name":"wp","href":"https:\/\/api.w.org\/{rel}","templated":true}]}}