{"id":63,"date":"2024-09-08T16:01:41","date_gmt":"2024-09-08T14:01:41","guid":{"rendered":"https:\/\/cantinegenille.fr\/?page_id=63"},"modified":"2025-01-06T09:48:41","modified_gmt":"2025-01-06T08:48:41","slug":"les-locaux","status":"publish","type":"page","link":"https:\/\/cantinegenille.fr\/index.php\/les-locaux\/","title":{"rendered":"Les Locaux"},"content":{"rendered":"\t\t<div data-elementor-type=\"wp-page\" data-elementor-id=\"63\" class=\"elementor elementor-63\">\n\t\t\t\t<div class=\"elementor-element elementor-element-ab638b6 e-flex e-con-boxed wpr-particle-no wpr-jarallax-no wpr-parallax-no wpr-sticky-section-no e-con e-parent\" data-id=\"ab638b6\" data-element_type=\"container\">\n\t\t\t\t\t<div class=\"e-con-inner\">\n\t\t\t\t<div class=\"elementor-element elementor-element-dd8be08 elementor-widget elementor-widget-heading\" data-id=\"dd8be08\" data-element_type=\"widget\" data-widget_type=\"heading.default\">\n\t\t\t\t<div class=\"elementor-widget-container\">\n\t\t\t\t\t<h2 class=\"elementor-heading-title elementor-size-default\">Les Locaux <\/h2>\t\t\t\t<\/div>\n\t\t\t\t<\/div>\n\t\t\t\t\t<\/div>\n\t\t\t\t<\/div>\n\t\t<div class=\"elementor-element elementor-element-8767663 e-flex e-con-boxed wpr-particle-no wpr-jarallax-no wpr-parallax-no wpr-sticky-section-no e-con e-parent\" data-id=\"8767663\" data-element_type=\"container\">\n\t\t\t\t\t<div class=\"e-con-inner\">\n\t\t<div class=\"elementor-element elementor-element-883f4d8 e-con-full e-flex wpr-particle-no wpr-jarallax-no wpr-parallax-no wpr-sticky-section-no e-con e-child\" data-id=\"883f4d8\" data-element_type=\"container\">\n\t\t\t\t<div class=\"elementor-element elementor-element-f711e87 elementor-widget elementor-widget-image\" data-id=\"f711e87\" data-element_type=\"widget\" data-widget_type=\"image.default\">\n\t\t\t\t<div class=\"elementor-widget-container\">\n\t\t\t\t\t\t\t\t\t\t\t\t<figure class=\"wp-caption\">\n\t\t\t\t\t\t\t\t\t\t\t<a href=\"http:\/\/cantinegenille.fr\/wp-content\/uploads\/2024\/10\/photointerieurecantinematernelle-e1730727260718.jpg\" data-elementor-open-lightbox=\"yes\" data-elementor-lightbox-title=\"photointerieurecantinematernelle\" data-e-action-hash=\"#elementor-action%3Aaction%3Dlightbox%26settings%3DeyJpZCI6NTgzLCJ1cmwiOiJodHRwczpcL1wvY2FudGluZWdlbmlsbGUuZnJcL3dwLWNvbnRlbnRcL3VwbG9hZHNcLzIwMjRcLzEwXC9waG90b2ludGVyaWV1cmVjYW50aW5lbWF0ZXJuZWxsZS1lMTczMDcyNzI2MDcxOC5qcGcifQ%3D%3D\">\n\t\t\t\t\t\t\t<img fetchpriority=\"high\" decoding=\"async\" width=\"1024\" height=\"775\" src=\"https:\/\/cantinegenille.fr\/wp-content\/uploads\/2024\/10\/photointerieurecantinematernelle-e1730727260718-1024x775.jpg\" class=\"attachment-large size-large wp-image-583\" alt=\"\" srcset=\"https:\/\/cantinegenille.fr\/wp-content\/uploads\/2024\/10\/photointerieurecantinematernelle-e1730727260718-1024x775.jpg 1024w, https:\/\/cantinegenille.fr\/wp-content\/uploads\/2024\/10\/photointerieurecantinematernelle-e1730727260718-300x227.jpg 300w, https:\/\/cantinegenille.fr\/wp-content\/uploads\/2024\/10\/photointerieurecantinematernelle-e1730727260718-768x581.jpg 768w, https:\/\/cantinegenille.fr\/wp-content\/uploads\/2024\/10\/photointerieurecantinematernelle-e1730727260718.jpg 1461w\" sizes=\"(max-width: 1024px) 100vw, 1024px\" \/>\t\t\t\t\t\t\t\t<\/a>\n\t\t\t\t\t\t\t\t\t\t\t<figcaption class=\"widget-image-caption wp-caption-text\">R\u00e9fectoire des Maternelles<\/figcaption>\n\t\t\t\t\t\t\t\t\t\t<\/figure>\n\t\t\t\t\t\t\t\t\t<\/div>\n\t\t\t\t<\/div>\n\t\t\t\t<\/div>\n\t\t<div class=\"elementor-element elementor-element-9c163a3 e-con-full e-flex wpr-particle-no wpr-jarallax-no wpr-parallax-no wpr-sticky-section-no e-con e-child\" data-id=\"9c163a3\" data-element_type=\"container\">\n\t\t\t\t<div class=\"elementor-element elementor-element-375db4d elementor-widget elementor-widget-image\" data-id=\"375db4d\" data-element_type=\"widget\" data-widget_type=\"image.default\">\n\t\t\t\t<div class=\"elementor-widget-container\">\n\t\t\t\t\t\t\t\t\t\t\t\t<figure class=\"wp-caption\">\n\t\t\t\t\t\t\t\t\t\t\t<a href=\"http:\/\/cantinegenille.fr\/wp-content\/uploads\/2025\/01\/467015498_976400584286821_4351654587277083988_n-e1736153291341.jpg\" data-elementor-open-lightbox=\"yes\" data-elementor-lightbox-title=\"nouvellestables\" data-e-action-hash=\"#elementor-action%3Aaction%3Dlightbox%26settings%3DeyJpZCI6NzczLCJ1cmwiOiJodHRwczpcL1wvY2FudGluZWdlbmlsbGUuZnJcL3dwLWNvbnRlbnRcL3VwbG9hZHNcLzIwMjVcLzAxXC80NjcwMTU0OThfOTc2NDAwNTg0Mjg2ODIxXzQzNTE2NTQ1ODcyNzcwODM5ODhfbi1lMTczNjE1MzI5MTM0MS5qcGcifQ%3D%3D\">\n\t\t\t\t\t\t\t<img decoding=\"async\" width=\"1024\" height=\"813\" src=\"https:\/\/cantinegenille.fr\/wp-content\/uploads\/2025\/01\/467015498_976400584286821_4351654587277083988_n-e1736153291341-1024x813.jpg\" class=\"attachment-large size-large wp-image-773\" alt=\"\" srcset=\"https:\/\/cantinegenille.fr\/wp-content\/uploads\/2025\/01\/467015498_976400584286821_4351654587277083988_n-e1736153291341-1024x813.jpg 1024w, https:\/\/cantinegenille.fr\/wp-content\/uploads\/2025\/01\/467015498_976400584286821_4351654587277083988_n-e1736153291341-300x238.jpg 300w, https:\/\/cantinegenille.fr\/wp-content\/uploads\/2025\/01\/467015498_976400584286821_4351654587277083988_n-e1736153291341-768x609.jpg 768w, https:\/\/cantinegenille.fr\/wp-content\/uploads\/2025\/01\/467015498_976400584286821_4351654587277083988_n-e1736153291341-1536x1219.jpg 1536w, https:\/\/cantinegenille.fr\/wp-content\/uploads\/2025\/01\/467015498_976400584286821_4351654587277083988_n-e1736153291341.jpg 1850w\" sizes=\"(max-width: 1024px) 100vw, 1024px\" \/>\t\t\t\t\t\t\t\t<\/a>\n\t\t\t\t\t\t\t\t\t\t\t<figcaption class=\"widget-image-caption wp-caption-text\">R\u00e9fectoire des Primaires &amp; des El\u00e9mentaires<\/figcaption>\n\t\t\t\t\t\t\t\t\t\t<\/figure>\n\t\t\t\t\t\t\t\t\t<\/div>\n\t\t\t\t<\/div>\n\t\t\t\t<\/div>\n\t\t\t\t\t<\/div>\n\t\t\t\t<\/div>\n\t\t\t\t<\/div>\n\t\t","protected":false},"excerpt":{"rendered":"<p>Les Locaux R\u00e9fectoire des Maternelles R\u00e9fectoire des Primaires &amp; des El\u00e9mentaires<\/p>\n","protected":false},"author":1,"featured_media":0,"parent":0,"menu_order":0,"comment_status":"closed","ping_status":"closed","template":"elementor_header_footer","meta":{"footnotes":""},"class_list":["post-63","page","type-page","status-publish","hentry"],"jetpack_sharing_enabled":true,"_links":{"self":[{"href":"https:\/\/cantinegenille.fr\/index.php\/wp-json\/wp\/v2\/pages\/63","targetHints":{"allow":["GET"]}}],"collection":[{"href":"https:\/\/cantinegenille.fr\/index.php\/wp-json\/wp\/v2\/pages"}],"about":[{"href":"https:\/\/cantinegenille.fr\/index.php\/wp-json\/wp\/v2\/types\/page"}],"author":[{"embeddable":true,"href":"https:\/\/cantinegenille.fr\/index.php\/wp-json\/wp\/v2\/users\/1"}],"replies":[{"embeddable":true,"href":"https:\/\/cantinegenille.fr\/index.php\/wp-json\/wp\/v2\/comments?post=63"}],"version-history":[{"count":11,"href":"https:\/\/cantinegenille.fr\/index.php\/wp-json\/wp\/v2\/pages\/63\/revisions"}],"predecessor-version":[{"id":780,"href":"https:\/\/cantinegenille.fr\/index.php\/wp-json\/wp\/v2\/pages\/63\/revisions\/780"}],"wp:attachment":[{"href":"https:\/\/cantinegenille.fr\/index.php\/wp-json\/wp\/v2\/media?parent=63"}],"curies":[{"name":"wp","href":"https:\/\/api.w.org\/{rel}","templated":true}]}}