{"id":404,"date":"2024-09-09T10:08:12","date_gmt":"2024-09-09T08:08:12","guid":{"rendered":"https:\/\/cantinegenille.fr\/?page_id=404"},"modified":"2025-09-07T15:56:59","modified_gmt":"2025-09-07T13:56:59","slug":"menus","status":"publish","type":"page","link":"https:\/\/cantinegenille.fr\/index.php\/menus\/","title":{"rendered":"Menus"},"content":{"rendered":"\t\t<div data-elementor-type=\"wp-page\" data-elementor-id=\"404\" class=\"elementor elementor-404\">\n\t\t\t\t<div class=\"elementor-element elementor-element-14109e9 e-flex e-con-boxed wpr-particle-no wpr-jarallax-no wpr-parallax-no wpr-sticky-section-no e-con e-parent\" data-id=\"14109e9\" data-element_type=\"container\">\n\t\t\t\t\t<div class=\"e-con-inner\">\n\t\t\t\t<div class=\"elementor-element elementor-element-c9cf8a5 elementor-widget elementor-widget-heading\" data-id=\"c9cf8a5\" data-element_type=\"widget\" data-widget_type=\"heading.default\">\n\t\t\t\t<div class=\"elementor-widget-container\">\n\t\t\t\t\t<h2 class=\"elementor-heading-title elementor-size-default\">Menus<\/h2>\t\t\t\t<\/div>\n\t\t\t\t<\/div>\n\t\t\t\t\t<\/div>\n\t\t\t\t<\/div>\n\t\t<div class=\"elementor-element elementor-element-cba05ab e-flex e-con-boxed wpr-particle-no wpr-jarallax-no wpr-parallax-no wpr-sticky-section-no e-con e-parent\" data-id=\"cba05ab\" data-element_type=\"container\">\n\t\t\t\t\t<div class=\"e-con-inner\">\n\t\t\t\t<div class=\"elementor-element elementor-element-ed7b392 elementor-widget elementor-widget-heading\" data-id=\"ed7b392\" data-element_type=\"widget\" data-widget_type=\"heading.default\">\n\t\t\t\t<div class=\"elementor-widget-container\">\n\t\t\t\t\t<h2 class=\"elementor-heading-title elementor-size-default\">Acc\u00e9der aux menus en ligne<\/h2>\t\t\t\t<\/div>\n\t\t\t\t<\/div>\n\t\t\t\t<div class=\"elementor-element elementor-element-0a0a858 elementor-widget elementor-widget-text-editor\" data-id=\"0a0a858\" data-element_type=\"widget\" data-widget_type=\"text-editor.default\">\n\t\t\t\t<div class=\"elementor-widget-container\">\n\t\t\t\t\t\t\t\t\t<p class=\"MsoNormal\" style=\"margin-right: 0px; margin-bottom: 0px; margin-left: 0px; color: #222222; font-family: Arial, Helvetica, sans-serif; font-size: small;\"><span style=\"font-family: arial, sans-serif;\">Pour y acc\u00e9der, nous vous invitons \u00e0 vous rendre sur&nbsp;<a style=\"color: #1155cc;\" href=\"http:\/\/www.clicetmiam.fr\/\" target=\"_blank\" rel=\"noopener\" data-saferedirecturl=\"https:\/\/www.google.com\/url?q=http:\/\/www.clicetmiam.fr\/&amp;source=gmail&amp;ust=1757336406487000&amp;usg=AOvVaw3tN1ah7NpVHyIz9cD-TQnu\">http:\/\/www.clicetmiam.fr\/<\/a>&nbsp;. Vous pourrez ensuite cr\u00e9er votre compte en suivant la proc\u00e9dure suivante :&nbsp;<\/span><\/p>\n<p class=\"MsoNormal\" style=\"margin-right: 0px; margin-bottom: 0px; margin-left: 0px; color: #222222; font-family: Arial, Helvetica, sans-serif; font-size: small;\"><strong><span style=\"font-family: arial, sans-serif;\">Le code de l&rsquo;\u00e9tablissement \u00e0 saisir est :&nbsp;<span style=\"color: #ee0000;\">A50FGL<\/span><\/span><\/strong><\/p>\t\t\t\t\t\t\t\t<\/div>\n\t\t\t\t<\/div>\n\t\t\t\t<div class=\"elementor-element elementor-element-dffa8cb elementor-widget elementor-widget-image\" data-id=\"dffa8cb\" data-element_type=\"widget\" data-widget_type=\"image.default\">\n\t\t\t\t<div class=\"elementor-widget-container\">\n\t\t\t\t\t\t\t\t\t\t\t\t\t\t\t<img fetchpriority=\"high\" decoding=\"async\" width=\"594\" height=\"838\" src=\"https:\/\/cantinegenille.fr\/wp-content\/uploads\/2025\/09\/Clicmiam1.png\" class=\"attachment-large size-large wp-image-861\" alt=\"\" srcset=\"https:\/\/cantinegenille.fr\/wp-content\/uploads\/2025\/09\/Clicmiam1.png 594w, https:\/\/cantinegenille.fr\/wp-content\/uploads\/2025\/09\/Clicmiam1-213x300.png 213w\" sizes=\"(max-width: 594px) 100vw, 594px\" \/>\t\t\t\t\t\t\t\t\t\t\t\t\t\t\t<\/div>\n\t\t\t\t<\/div>\n\t\t\t\t<div class=\"elementor-element elementor-element-f4be1ea elementor-widget elementor-widget-image\" data-id=\"f4be1ea\" data-element_type=\"widget\" data-widget_type=\"image.default\">\n\t\t\t\t<div class=\"elementor-widget-container\">\n\t\t\t\t\t\t\t\t\t\t\t\t\t\t\t<img decoding=\"async\" width=\"593\" height=\"839\" src=\"https:\/\/cantinegenille.fr\/wp-content\/uploads\/2025\/09\/Clicmiam2.png\" class=\"attachment-large size-large wp-image-860\" alt=\"\" srcset=\"https:\/\/cantinegenille.fr\/wp-content\/uploads\/2025\/09\/Clicmiam2.png 593w, https:\/\/cantinegenille.fr\/wp-content\/uploads\/2025\/09\/Clicmiam2-212x300.png 212w\" sizes=\"(max-width: 593px) 100vw, 593px\" \/>\t\t\t\t\t\t\t\t\t\t\t\t\t\t\t<\/div>\n\t\t\t\t<\/div>\n\t\t\t\t\t<\/div>\n\t\t\t\t<\/div>\n\t\t\t\t<\/div>\n\t\t","protected":false},"excerpt":{"rendered":"<p>Menus Acc\u00e9der aux menus en ligne Pour y acc\u00e9der, nous vous invitons \u00e0 vous rendre sur&nbsp;http:\/\/www.clicetmiam.fr\/&nbsp;. Vous pourrez ensuite cr\u00e9er votre compte en suivant la proc\u00e9dure suivante :&nbsp; Le code de l&rsquo;\u00e9tablissement \u00e0 saisir est :&nbsp;A50FGL<\/p>\n","protected":false},"author":1,"featured_media":0,"parent":0,"menu_order":0,"comment_status":"closed","ping_status":"closed","template":"elementor_header_footer","meta":{"footnotes":""},"class_list":["post-404","page","type-page","status-publish","hentry"],"jetpack_sharing_enabled":true,"_links":{"self":[{"href":"https:\/\/cantinegenille.fr\/index.php\/wp-json\/wp\/v2\/pages\/404","targetHints":{"allow":["GET"]}}],"collection":[{"href":"https:\/\/cantinegenille.fr\/index.php\/wp-json\/wp\/v2\/pages"}],"about":[{"href":"https:\/\/cantinegenille.fr\/index.php\/wp-json\/wp\/v2\/types\/page"}],"author":[{"embeddable":true,"href":"https:\/\/cantinegenille.fr\/index.php\/wp-json\/wp\/v2\/users\/1"}],"replies":[{"embeddable":true,"href":"https:\/\/cantinegenille.fr\/index.php\/wp-json\/wp\/v2\/comments?post=404"}],"version-history":[{"count":28,"href":"https:\/\/cantinegenille.fr\/index.php\/wp-json\/wp\/v2\/pages\/404\/revisions"}],"predecessor-version":[{"id":864,"href":"https:\/\/cantinegenille.fr\/index.php\/wp-json\/wp\/v2\/pages\/404\/revisions\/864"}],"wp:attachment":[{"href":"https:\/\/cantinegenille.fr\/index.php\/wp-json\/wp\/v2\/media?parent=404"}],"curies":[{"name":"wp","href":"https:\/\/api.w.org\/{rel}","templated":true}]}}