{"id":2,"date":"2024-09-02T09:39:32","date_gmt":"2024-09-02T07:39:32","guid":{"rendered":"http:\/\/cantinegenille.fr\/?page_id=2"},"modified":"2024-09-09T09:32:25","modified_gmt":"2024-09-09T07:32:25","slug":"impayes","status":"publish","type":"page","link":"https:\/\/cantinegenille.fr\/index.php\/impayes\/","title":{"rendered":"Impay\u00e9s"},"content":{"rendered":"\t\t<div data-elementor-type=\"wp-page\" data-elementor-id=\"2\" class=\"elementor elementor-2\">\n\t\t\t\t<div class=\"elementor-element elementor-element-e98300c e-flex e-con-boxed wpr-particle-no wpr-jarallax-no wpr-parallax-no wpr-sticky-section-no e-con e-parent\" data-id=\"e98300c\" data-element_type=\"container\">\n\t\t\t\t\t<div class=\"e-con-inner\">\n\t\t\t\t<div class=\"elementor-element elementor-element-2a02000 elementor-widget elementor-widget-heading\" data-id=\"2a02000\" data-element_type=\"widget\" data-widget_type=\"heading.default\">\n\t\t\t\t<div class=\"elementor-widget-container\">\n\t\t\t\t\t<h2 class=\"elementor-heading-title elementor-size-default\">Impay\u00e9s<\/h2>\t\t\t\t<\/div>\n\t\t\t\t<\/div>\n\t\t\t\t\t<\/div>\n\t\t\t\t<\/div>\n\t\t<div class=\"elementor-element elementor-element-7a706839 e-flex e-con-boxed wpr-particle-no wpr-jarallax-no wpr-parallax-no wpr-sticky-section-no e-con e-parent\" data-id=\"7a706839\" data-element_type=\"container\">\n\t\t\t\t\t<div class=\"e-con-inner\">\n\t\t\t\t<div class=\"elementor-element elementor-element-352dd0fb elementor-widget elementor-widget-text-editor\" data-id=\"352dd0fb\" data-element_type=\"widget\" data-widget_type=\"text-editor.default\">\n\t\t\t\t<div class=\"elementor-widget-container\">\n\t\t\t\t\t\t\t\t\t\n<p>Nous pouvons tous \u00eatre confront\u00e9s \u00e0 des probl\u00e8mes de refus de paiement pour diverses raisons : changement de banque, mauvaise date de pr\u00e9l\u00e8vement, difficult\u00e9s temporaires.<\/p>\n\n\n\n<p>Malheureusement, ces situations ont un impact sur l&rsquo;organisation et les finances de l&rsquo;association. Chaque mois, nous devons honorer les factures des prestataires, et nous ne pouvons pas nous permettre de laisser des impay\u00e9s s&rsquo;accumuler.<\/p>\n\n\n\n<p>Nos pr\u00e9l\u00e8vements sont programm\u00e9s pour le 9 de chaque mois, et en cas de refus, nous vous informons par e-mail afin de pouvoir r\u00e9essayer le pr\u00e9l\u00e8vement dans le m\u00eame mois. Pour \u00e9viter des frais inutiles, n&rsquo;h\u00e9sitez pas \u00e0 nous informer en cas de difficult\u00e9. Nous ne sommes pas l\u00e0 pour juger ; au contraire, nous cherchons autant que possible \u00e0 trouver des solutions temporaires.<\/p>\n\n\n\n<p>Vous pouvez nous contacter par e-mail ou parler directement \u00e0 un membre de l&rsquo;association pour nous faire part de vos probl\u00e8mes.<\/p>\n\n\n\n<p><\/p>\n\n\n\n<p><\/p>\n\t\t\t\t\t\t\t\t<\/div>\n\t\t\t\t<\/div>\n\t\t\t\t\t<\/div>\n\t\t\t\t<\/div>\n\t\t\t\t<\/div>\n\t\t","protected":false},"excerpt":{"rendered":"<p>Impay\u00e9s Nous pouvons tous \u00eatre confront\u00e9s \u00e0 des probl\u00e8mes de refus de paiement pour diverses raisons : changement de banque, mauvaise date de pr\u00e9l\u00e8vement, difficult\u00e9s temporaires. Malheureusement, ces situations ont un impact sur l&rsquo;organisation et les finances de l&rsquo;association. Chaque mois, nous devons honorer les factures des prestataires, et nous ne pouvons pas nous permettre<span class=\"more-button\"><a href=\"https:\/\/cantinegenille.fr\/index.php\/impayes\/\" class=\"more-link\">Continuer<span class=\"screen-reader-text\">Impay\u00e9s<\/span><\/a><\/span><\/p>\n","protected":false},"author":1,"featured_media":0,"parent":0,"menu_order":0,"comment_status":"closed","ping_status":"closed","template":"elementor_header_footer","meta":{"footnotes":""},"class_list":["post-2","page","type-page","status-publish","hentry"],"jetpack_sharing_enabled":true,"_links":{"self":[{"href":"https:\/\/cantinegenille.fr\/index.php\/wp-json\/wp\/v2\/pages\/2","targetHints":{"allow":["GET"]}}],"collection":[{"href":"https:\/\/cantinegenille.fr\/index.php\/wp-json\/wp\/v2\/pages"}],"about":[{"href":"https:\/\/cantinegenille.fr\/index.php\/wp-json\/wp\/v2\/types\/page"}],"author":[{"embeddable":true,"href":"https:\/\/cantinegenille.fr\/index.php\/wp-json\/wp\/v2\/users\/1"}],"replies":[{"embeddable":true,"href":"https:\/\/cantinegenille.fr\/index.php\/wp-json\/wp\/v2\/comments?post=2"}],"version-history":[{"count":9,"href":"https:\/\/cantinegenille.fr\/index.php\/wp-json\/wp\/v2\/pages\/2\/revisions"}],"predecessor-version":[{"id":382,"href":"https:\/\/cantinegenille.fr\/index.php\/wp-json\/wp\/v2\/pages\/2\/revisions\/382"}],"wp:attachment":[{"href":"https:\/\/cantinegenille.fr\/index.php\/wp-json\/wp\/v2\/media?parent=2"}],"curies":[{"name":"wp","href":"https:\/\/api.w.org\/{rel}","templated":true}]}}