{"id":10,"date":"2024-09-07T18:55:07","date_gmt":"2024-09-07T16:55:07","guid":{"rendered":"https:\/\/cantinegenille.fr\/?page_id=10"},"modified":"2024-10-30T18:15:54","modified_gmt":"2024-10-30T17:15:54","slug":"absences","status":"publish","type":"page","link":"https:\/\/cantinegenille.fr\/index.php\/absences\/","title":{"rendered":"Absences"},"content":{"rendered":"\t\t<div data-elementor-type=\"wp-page\" data-elementor-id=\"10\" class=\"elementor elementor-10\">\n\t\t\t\t<div class=\"elementor-element elementor-element-037edb2 e-flex e-con-boxed wpr-particle-no wpr-jarallax-no wpr-parallax-no wpr-sticky-section-no e-con e-parent\" data-id=\"037edb2\" data-element_type=\"container\">\n\t\t\t\t\t<div class=\"e-con-inner\">\n\t\t\t\t<div class=\"elementor-element elementor-element-8e3ccaf elementor-widget__width-initial elementor-widget elementor-widget-heading\" data-id=\"8e3ccaf\" data-element_type=\"widget\" data-widget_type=\"heading.default\">\n\t\t\t\t<div class=\"elementor-widget-container\">\n\t\t\t\t\t<h2 class=\"elementor-heading-title elementor-size-default\">Les Absences<\/h2>\t\t\t\t<\/div>\n\t\t\t\t<\/div>\n\t\t\t\t\t<\/div>\n\t\t\t\t<\/div>\n\t\t<div class=\"elementor-element elementor-element-92a4735 e-flex e-con-boxed wpr-particle-no wpr-jarallax-no wpr-parallax-no wpr-sticky-section-no e-con e-parent\" data-id=\"92a4735\" data-element_type=\"container\">\n\t\t\t\t\t<div class=\"e-con-inner\">\n\t\t\t\t<div class=\"elementor-element elementor-element-ce7618e elementor-widget elementor-widget-text-editor\" data-id=\"ce7618e\" data-element_type=\"widget\" data-widget_type=\"text-editor.default\">\n\t\t\t\t<div class=\"elementor-widget-container\">\n\t\t\t\t\t\t\t\t\t<figure class=\"wp-block-embed\">\n<div class=\"wp-block-embed__wrapper\"><span style=\"font-size: 1rem;\">Nous remercions tous les parents qui font l&rsquo;effort de nous informer d&rsquo;une absence et nous faisons notre possible pour apporter une r\u00e9ponse rapidement.<\/span><\/div>\n<\/figure>\n<p><!-- \/wp:paragraph --><!-- wp:paragraph --><\/p>\n<p>Dans un but de faire des \u00e9conomies ainsi que d&rsquo;\u00e9viter le g\u00e2chis alimentaire, nous ajustons au mieux le nombre de repas servis.<\/p>\n<p><!-- \/wp:paragraph --><!-- wp:paragraph --><\/p>\n<p>Plus vite nous sommes informer de l&rsquo;absence d&rsquo;un enfant, plus vite nous pouvons annuler son repas et \u00e9viter par la m\u00eame occasion une facturation.<\/p>\n<p><!-- \/wp:paragraph --><!-- wp:paragraph --><\/p>\n<p>Nous vous demandons dans la mesure du possible de nous pr\u00e9venir 10 jours en amont en passant par\u00a0<a href=\"https:\/\/forms.gle\/YrGEh7yMTVB3B7YDA\" target=\"_blank\" rel=\"noopener\"><strong>ce formulaire<\/strong><\/a>.<\/p>\t\t\t\t\t\t\t\t<\/div>\n\t\t\t\t<\/div>\n\t\t\t\t\t<\/div>\n\t\t\t\t<\/div>\n\t\t<div class=\"elementor-element elementor-element-8834d77 e-flex e-con-boxed wpr-particle-no wpr-jarallax-no wpr-parallax-no wpr-sticky-section-no e-con e-parent\" data-id=\"8834d77\" data-element_type=\"container\">\n\t\t\t\t\t<div class=\"e-con-inner\">\n\t\t\t\t<div class=\"elementor-element elementor-element-bc2a206 elementor-widget elementor-widget-heading\" data-id=\"bc2a206\" data-element_type=\"widget\" data-widget_type=\"heading.default\">\n\t\t\t\t<div class=\"elementor-widget-container\">\n\t\t\t\t\t<h2 class=\"elementor-heading-title elementor-size-default\">En cas de maladie<\/h2>\t\t\t\t<\/div>\n\t\t\t\t<\/div>\n\t\t\t\t\t<\/div>\n\t\t\t\t<\/div>\n\t\t<div class=\"elementor-element elementor-element-7b55eb9d e-flex e-con-boxed wpr-particle-no wpr-jarallax-no wpr-parallax-no wpr-sticky-section-no e-con e-parent\" data-id=\"7b55eb9d\" data-element_type=\"container\">\n\t\t\t\t\t<div class=\"e-con-inner\">\n\t\t\t\t<div class=\"elementor-element elementor-element-47740e45 elementor-widget elementor-widget-text-editor\" data-id=\"47740e45\" data-element_type=\"widget\" data-widget_type=\"text-editor.default\">\n\t\t\t\t<div class=\"elementor-widget-container\">\n\t\t\t\t\t\t\t\t\t<p><!-- wp:embed {\"url\":\"https:\/\/forms.gle\/YrGEh7yMTVB3B7YDA\"} --><\/p>\n<figure class=\"wp-block-embed\"><\/figure>\n<p><!-- \/wp:paragraph --><!-- wp:heading {\"level\":3} --><!-- \/wp:heading --><!-- wp:paragraph --><\/p>\n<p>Si votre enfant se trouve absent pour plusieurs jours, il est important de nous en informer.<\/p>\n<p><!-- \/wp:paragraph --><!-- wp:paragraph --><\/p>\n<p>Dans la mesure du possible. il faut nous envoyer un mail d\u00e8s le premier jour et pour la totalit\u00e9 de l&rsquo;absence ou passer par le formulaire<\/p>\n<p><!-- \/wp:paragraph --><!-- wp:paragraph --><\/p>\n<p>Pour des raisons de logistiques, nous ne pouvons annuler les repas le jour m\u00eame.<\/p>\n<p><!-- \/wp:paragraph --><!-- wp:paragraph --><!-- \/wp:paragraph --><!-- wp:paragraph --><!-- \/wp:paragraph --><!-- wp:paragraph {\"style\":{\"color\":{\"background\":\"#ffe7a13b\"}}} --><!-- \/wp:paragraph --><\/p>\t\t\t\t\t\t\t\t<\/div>\n\t\t\t\t<\/div>\n\t\t\t\t<div class=\"elementor-element elementor-element-dee796e elementor-widget elementor-widget-heading\" data-id=\"dee796e\" data-element_type=\"widget\" data-widget_type=\"heading.default\">\n\t\t\t\t<div class=\"elementor-widget-container\">\n\t\t\t\t\t<h2 class=\"elementor-heading-title elementor-size-default\">Dans quel cas les repas sont rembours\u00e9s ?<\/h2>\t\t\t\t<\/div>\n\t\t\t\t<\/div>\n\t\t\t\t<div class=\"elementor-element elementor-element-6d55160 elementor-widget elementor-widget-text-editor\" data-id=\"6d55160\" data-element_type=\"widget\" data-widget_type=\"text-editor.default\">\n\t\t\t\t<div class=\"elementor-widget-container\">\n\t\t\t\t\t\t\t\t\t<p><!-- wp:embed {\"url\":\"https:\/\/forms.gle\/YrGEh7yMTVB3B7YDA\"} --><\/p>\n<figure class=\"wp-block-embed\"><\/figure>\n<p><!-- \/wp:paragraph --><!-- wp:heading {\"level\":3} --><!-- \/wp:heading --><!-- wp:paragraph --><\/p>\n<p><span style=\"font-family: var( --e-global-typography-text-font-family ), Sans-serif; font-weight: var( --e-global-typography-text-font-weight ); text-align: var(--text-align); font-size: 1.0625rem;\">Pour toutes absences pr\u00e9vues 10 jours avant la date.<\/span><\/p>\n<p><!-- \/wp:paragraph --><!-- wp:paragraph --><\/p>\n<p>Et pour toutes absences pour maladie de plus de 3 repas (Carence) pour lesquels nous avons \u00e9t\u00e9 pr\u00e9venus d\u00e8s le 1er jour d&rsquo;absence ainsi que de sa dur\u00e9e totale.<\/p>\n<p><!-- \/wp:paragraph --><!-- wp:paragraph --><!-- \/wp:paragraph --><!-- wp:paragraph --><!-- \/wp:paragraph --><!-- wp:paragraph {\"style\":{\"color\":{\"background\":\"#ffe7a13b\"}}} --><!-- \/wp:paragraph --><\/p>\t\t\t\t\t\t\t\t<\/div>\n\t\t\t\t<\/div>\n\t\t\t\t\t<\/div>\n\t\t\t\t<\/div>\n\t\t<div class=\"elementor-element elementor-element-daac87e e-flex e-con-boxed wpr-particle-no wpr-jarallax-no wpr-parallax-no wpr-sticky-section-no e-con e-parent\" data-id=\"daac87e\" data-element_type=\"container\" data-settings=\"{&quot;background_background&quot;:&quot;classic&quot;}\">\n\t\t\t\t\t<div class=\"e-con-inner\">\n\t\t\t\t<div class=\"elementor-element elementor-element-49dcd0d elementor-widget elementor-widget-text-editor\" data-id=\"49dcd0d\" data-element_type=\"widget\" data-widget_type=\"text-editor.default\">\n\t\t\t\t<div class=\"elementor-widget-container\">\n\t\t\t\t\t\t\t\t\t<p><span style=\"text-decoration: underline;\"><strong>Exemples :<\/strong><\/span><\/p>\n<p><strong>Nous remboursons:<\/strong> <br \/>Votre enfant est malade le lundi et sera absent toute la semaine. Vous nous pr\u00e9venez de son absence d\u00e9s ce jour pour toute la semaine. vous serez rembourse d&rsquo;un repas d&rsquo;absence (il y a 3 repas de carence.)<\/p>\n<p><strong>Nous ne remboursons pas:<\/strong><br \/>Votre enfant est malade toute la semaine mais vous nous pr\u00e9venez au jour le jour.<br \/>Nous ne pouvons d\u00e9duire les absences de votre facture puisque nous n&rsquo;avons pas pu anticiper avec le prestataire la<br \/>livraison du repas.<\/p>\t\t\t\t\t\t\t\t<\/div>\n\t\t\t\t<\/div>\n\t\t\t\t\t<\/div>\n\t\t\t\t<\/div>\n\t\t\t\t<\/div>\n\t\t","protected":false},"excerpt":{"rendered":"<p>Les Absences Nous remercions tous les parents qui font l&rsquo;effort de nous informer d&rsquo;une absence et nous faisons notre possible pour apporter une r\u00e9ponse rapidement. Dans un but de faire des \u00e9conomies ainsi que d&rsquo;\u00e9viter le g\u00e2chis alimentaire, nous ajustons au mieux le nombre de repas servis. Plus vite nous sommes informer de l&rsquo;absence d&rsquo;un<span class=\"more-button\"><a href=\"https:\/\/cantinegenille.fr\/index.php\/absences\/\" class=\"more-link\">Continuer<span class=\"screen-reader-text\">Absences<\/span><\/a><\/span><\/p>\n","protected":false},"author":1,"featured_media":0,"parent":0,"menu_order":0,"comment_status":"closed","ping_status":"closed","template":"elementor_header_footer","meta":{"footnotes":""},"class_list":["post-10","page","type-page","status-publish","hentry"],"jetpack_sharing_enabled":true,"_links":{"self":[{"href":"https:\/\/cantinegenille.fr\/index.php\/wp-json\/wp\/v2\/pages\/10","targetHints":{"allow":["GET"]}}],"collection":[{"href":"https:\/\/cantinegenille.fr\/index.php\/wp-json\/wp\/v2\/pages"}],"about":[{"href":"https:\/\/cantinegenille.fr\/index.php\/wp-json\/wp\/v2\/types\/page"}],"author":[{"embeddable":true,"href":"https:\/\/cantinegenille.fr\/index.php\/wp-json\/wp\/v2\/users\/1"}],"replies":[{"embeddable":true,"href":"https:\/\/cantinegenille.fr\/index.php\/wp-json\/wp\/v2\/comments?post=10"}],"version-history":[{"count":20,"href":"https:\/\/cantinegenille.fr\/index.php\/wp-json\/wp\/v2\/pages\/10\/revisions"}],"predecessor-version":[{"id":630,"href":"https:\/\/cantinegenille.fr\/index.php\/wp-json\/wp\/v2\/pages\/10\/revisions\/630"}],"wp:attachment":[{"href":"https:\/\/cantinegenille.fr\/index.php\/wp-json\/wp\/v2\/media?parent=10"}],"curies":[{"name":"wp","href":"https:\/\/api.w.org\/{rel}","templated":true}]}}